{"id":1325,"date":"2023-10-10T17:24:17","date_gmt":"2023-10-10T15:24:17","guid":{"rendered":"https:\/\/mlynniedzwiady.com\/contact\/"},"modified":"2023-12-18T12:02:29","modified_gmt":"2023-12-18T11:02:29","slug":"contact","status":"publish","type":"page","link":"https:\/\/mlynniedzwiady.com\/en\/contact\/","title":{"rendered":"Contact"},"content":{"rendered":"\t\t<div data-elementor-type=\"wp-page\" data-elementor-id=\"1325\" class=\"elementor elementor-1325 elementor-25\" data-elementor-post-type=\"page\">\n\t\t\t\t<div class=\"elementor-element elementor-element-730757a e-flex e-con-boxed e-con e-parent\" data-id=\"730757a\" data-element_type=\"container\" data-e-type=\"container\">\n\t\t\t\t\t<div class=\"e-con-inner\">\n\t\t<div class=\"elementor-element elementor-element-54509e0 e-con-full e-flex elementor-invisible e-con e-child\" data-id=\"54509e0\" data-element_type=\"container\" data-e-type=\"container\" data-settings=\"{&quot;animation&quot;:&quot;fadeIn&quot;}\">\n\t\t\t\t<div class=\"elementor-element elementor-element-2985a41 elementor-widget__width-inherit elementor-widget elementor-widget-heading\" data-id=\"2985a41\" data-element_type=\"widget\" data-e-type=\"widget\" data-widget_type=\"heading.default\">\n\t\t\t\t<div class=\"elementor-widget-container\">\n\t\t\t\t\t<div class=\"elementor-heading-title elementor-size-default\">Do you have any questions?<\/div>\t\t\t\t<\/div>\n\t\t\t\t<\/div>\n\t\t\t\t<div class=\"elementor-element elementor-element-1178ccd elementor-widget__width-inherit elementor-widget elementor-widget-heading\" data-id=\"1178ccd\" data-element_type=\"widget\" data-e-type=\"widget\" data-widget_type=\"heading.default\">\n\t\t\t\t<div class=\"elementor-widget-container\">\n\t\t\t\t\t<h3 class=\"elementor-heading-title elementor-size-default\">Contact data<\/h3>\t\t\t\t<\/div>\n\t\t\t\t<\/div>\n\t\t\t\t<div class=\"elementor-element elementor-element-f7b1675 elementor-widget__width-initial elementor-widget elementor-widget-text-editor\" data-id=\"f7b1675\" data-element_type=\"widget\" data-e-type=\"widget\" data-widget_type=\"text-editor.default\">\n\t\t\t\t<div class=\"elementor-widget-container\">\n\t\t\t\t\t\t\t\t\t<p><strong>M\u0142yn Nied\u017awiady A. Siewkowski Sp\u00f3\u0142ka Komandytowa<\/strong><br \/>ul. Nied\u017awiady 59A, 62-800 Kalisz, Poland<\/p>\n<p>Office: <a href=\"tel:+48%2062%20764%2029%2021\">+48 62 764 29 21<\/a><br \/><a href=\"mailto:biuro@mlynniedzwiady.com\">biuro@mlynniedzwiady.com<\/a><\/p>\n\t\t\t\t\t\t\t\t<\/div>\n\t\t\t\t<\/div>\n\t\t\t\t<div class=\"elementor-element elementor-element-468cbb8 elementor-shape-square elementor-grid-0 e-grid-align-center elementor-widget elementor-widget-social-icons\" data-id=\"468cbb8\" data-element_type=\"widget\" data-e-type=\"widget\" data-widget_type=\"social-icons.default\">\n\t\t\t\t<div class=\"elementor-widget-container\">\n\t\t\t\t\t\t\t<div class=\"elementor-social-icons-wrapper elementor-grid\" role=\"list\">\n\t\t\t\t\t\t\t<span class=\"elementor-grid-item\" role=\"listitem\">\n\t\t\t\t\t<a class=\"elementor-icon elementor-social-icon elementor-social-icon-facebook-f elementor-repeater-item-b4a0a49\" href=\"https:\/\/www.facebook.com\/GranoBezGlutenu\/\" target=\"_blank\">\n\t\t\t\t\t\t<span class=\"elementor-screen-only\">Facebook-f<\/span>\n\t\t\t\t\t\t<svg aria-hidden=\"true\" class=\"e-font-icon-svg e-fab-facebook-f\" viewBox=\"0 0 320 512\" xmlns=\"http:\/\/www.w3.org\/2000\/svg\"><path d=\"M279.14 288l14.22-92.66h-88.91v-60.13c0-25.35 12.42-50.06 52.24-50.06h40.42V6.26S260.43 0 225.36 0c-73.22 0-121.08 44.38-121.08 124.72v70.62H22.89V288h81.39v224h100.17V288z\"><\/path><\/svg>\t\t\t\t\t<\/a>\n\t\t\t\t<\/span>\n\t\t\t\t\t\t\t<span class=\"elementor-grid-item\" role=\"listitem\">\n\t\t\t\t\t<a class=\"elementor-icon elementor-social-icon elementor-social-icon-instagram elementor-repeater-item-dbde825\" href=\"https:\/\/www.instagram.com\/granobezglutenu\/\" target=\"_blank\">\n\t\t\t\t\t\t<span class=\"elementor-screen-only\">Instagram<\/span>\n\t\t\t\t\t\t<svg aria-hidden=\"true\" class=\"e-font-icon-svg e-fab-instagram\" viewBox=\"0 0 448 512\" xmlns=\"http:\/\/www.w3.org\/2000\/svg\"><path d=\"M224.1 141c-63.6 0-114.9 51.3-114.9 114.9s51.3 114.9 114.9 114.9S339 319.5 339 255.9 287.7 141 224.1 141zm0 189.6c-41.1 0-74.7-33.5-74.7-74.7s33.5-74.7 74.7-74.7 74.7 33.5 74.7 74.7-33.6 74.7-74.7 74.7zm146.4-194.3c0 14.9-12 26.8-26.8 26.8-14.9 0-26.8-12-26.8-26.8s12-26.8 26.8-26.8 26.8 12 26.8 26.8zm76.1 27.2c-1.7-35.9-9.9-67.7-36.2-93.9-26.2-26.2-58-34.4-93.9-36.2-37-2.1-147.9-2.1-184.9 0-35.8 1.7-67.6 9.9-93.9 36.1s-34.4 58-36.2 93.9c-2.1 37-2.1 147.9 0 184.9 1.7 35.9 9.9 67.7 36.2 93.9s58 34.4 93.9 36.2c37 2.1 147.9 2.1 184.9 0 35.9-1.7 67.7-9.9 93.9-36.2 26.2-26.2 34.4-58 36.2-93.9 2.1-37 2.1-147.8 0-184.8zM398.8 388c-7.8 19.6-22.9 34.7-42.6 42.6-29.5 11.7-99.5 9-132.1 9s-102.7 2.6-132.1-9c-19.6-7.8-34.7-22.9-42.6-42.6-11.7-29.5-9-99.5-9-132.1s-2.6-102.7 9-132.1c7.8-19.6 22.9-34.7 42.6-42.6 29.5-11.7 99.5-9 132.1-9s102.7-2.6 132.1 9c19.6 7.8 34.7 22.9 42.6 42.6 11.7 29.5 9 99.5 9 132.1s2.7 102.7-9 132.1z\"><\/path><\/svg>\t\t\t\t\t<\/a>\n\t\t\t\t<\/span>\n\t\t\t\t\t\t\t<span class=\"elementor-grid-item\" role=\"listitem\">\n\t\t\t\t\t<a class=\"elementor-icon elementor-social-icon elementor-social-icon-google elementor-repeater-item-dd72c56\" href=\"https:\/\/maps.app.goo.gl\/nSB18zVR1Nd5h9Ym9\" target=\"_blank\">\n\t\t\t\t\t\t<span class=\"elementor-screen-only\">Google<\/span>\n\t\t\t\t\t\t<svg aria-hidden=\"true\" class=\"e-font-icon-svg e-fab-google\" viewBox=\"0 0 488 512\" xmlns=\"http:\/\/www.w3.org\/2000\/svg\"><path d=\"M488 261.8C488 403.3 391.1 504 248 504 110.8 504 0 393.2 0 256S110.8 8 248 8c66.8 0 123 24.5 166.3 64.9l-67.5 64.9C258.5 52.6 94.3 116.6 94.3 256c0 86.5 69.1 156.6 153.7 156.6 98.2 0 135-70.4 140.8-106.9H248v-85.3h236.1c2.3 12.7 3.9 24.9 3.9 41.4z\"><\/path><\/svg>\t\t\t\t\t<\/a>\n\t\t\t\t<\/span>\n\t\t\t\t\t<\/div>\n\t\t\t\t\t\t<\/div>\n\t\t\t\t<\/div>\n\t\t\t\t<\/div>\n\t\t<div class=\"elementor-element elementor-element-ab2ae72 e-con-full e-flex elementor-invisible e-con e-child\" data-id=\"ab2ae72\" data-element_type=\"container\" data-e-type=\"container\" data-settings=\"{&quot;animation&quot;:&quot;fadeIn&quot;,&quot;animation_delay&quot;:200}\">\n\t\t\t\t<div class=\"elementor-element elementor-element-bd75c0c elementor-widget elementor-widget-html\" data-id=\"bd75c0c\" data-element_type=\"widget\" data-e-type=\"widget\" data-widget_type=\"html.default\">\n\t\t\t\t<div class=\"elementor-widget-container\">\n\t\t\t\t\t<iframe src=\"https:\/\/www.google.com\/maps\/embed?pb=!1m18!1m12!1m3!1d2467.1461124399716!2d18.086991576923815!3d51.80349078902952!2m3!1f0!2f0!3f0!3m2!1i1024!2i768!4f13.1!3m3!1m2!1s0x471ac55875fac1cf%3A0x5f2d5ccc639deeac!2zTcWCeW4gTmllZMW6d2lhZHk!5e0!3m2!1spl!2spl!4v1699430879708!5m2!1spl!2spl\" width=\"600\" height=\"500\" style=\"border:0;\" allowfullscreen=\"\" loading=\"lazy\" referrerpolicy=\"no-referrer-when-downgrade\"><\/iframe>\t\t\t\t<\/div>\n\t\t\t\t<\/div>\n\t\t\t\t<\/div>\n\t\t\t\t\t<\/div>\n\t\t\t\t<\/div>\n\t\t\t\t<\/div>\n\t\t","protected":false},"excerpt":{"rendered":"<p>Do you have any questions? Contact data M\u0142yn Nied\u017awiady A. Siewkowski Sp\u00f3\u0142ka Komandytowaul. Nied\u017awiady 59A, 62-800 Kalisz, Poland Office: +48 62 764 29 21biuro@mlynniedzwiady.com Facebook-f Instagram Google<\/p>\n","protected":false},"author":1,"featured_media":0,"parent":0,"menu_order":0,"comment_status":"closed","ping_status":"closed","template":"","meta":{"inline_featured_image":false,"site-sidebar-layout":"no-sidebar","site-content-layout":"page-builder","ast-site-content-layout":"default","site-content-style":"default","site-sidebar-style":"default","ast-global-header-display":"","ast-banner-title-visibility":"","ast-main-header-display":"","ast-hfb-above-header-display":"","ast-hfb-below-header-display":"","ast-hfb-mobile-header-display":"","site-post-title":"disabled","ast-breadcrumbs-content":"","ast-featured-img":"disabled","footer-sml-layout":"","ast-disable-related-posts":"","theme-transparent-header-meta":"default","adv-header-id-meta":"","stick-header-meta":"","header-above-stick-meta":"","header-main-stick-meta":"","header-below-stick-meta":"","astra-migrate-meta-layouts":"default","ast-page-background-enabled":"default","ast-page-background-meta":{"desktop":{"background-color":"var(--ast-global-color-4)","background-image":"","background-repeat":"repeat","background-position":"center center","background-size":"auto","background-attachment":"scroll","background-type":"","background-media":"","overlay-type":"","overlay-color":"","overlay-opacity":"","overlay-gradient":""},"tablet":{"background-color":"","background-image":"","background-repeat":"repeat","background-position":"center center","background-size":"auto","background-attachment":"scroll","background-type":"","background-media":"","overlay-type":"","overlay-color":"","overlay-opacity":"","overlay-gradient":""},"mobile":{"background-color":"","background-image":"","background-repeat":"repeat","background-position":"center center","background-size":"auto","background-attachment":"scroll","background-type":"","background-media":"","overlay-type":"","overlay-color":"","overlay-opacity":"","overlay-gradient":""}},"ast-content-background-meta":{"desktop":{"background-color":"var(--ast-global-color-5)","background-image":"","background-repeat":"repeat","background-position":"center center","background-size":"auto","background-attachment":"scroll","background-type":"","background-media":"","overlay-type":"","overlay-color":"","overlay-opacity":"","overlay-gradient":""},"tablet":{"background-color":"var(--ast-global-color-5)","background-image":"","background-repeat":"repeat","background-position":"center center","background-size":"auto","background-attachment":"scroll","background-type":"","background-media":"","overlay-type":"","overlay-color":"","overlay-opacity":"","overlay-gradient":""},"mobile":{"background-color":"var(--ast-global-color-5)","background-image":"","background-repeat":"repeat","background-position":"center center","background-size":"auto","background-attachment":"scroll","background-type":"","background-media":"","overlay-type":"","overlay-color":"","overlay-opacity":"","overlay-gradient":""}},"footnotes":""},"class_list":["post-1325","page","type-page","status-publish","hentry"],"yoast_head":"<!-- This site is optimized with the Yoast SEO plugin v27.4 - https:\/\/yoast.com\/product\/yoast-seo-wordpress\/ -->\n<title>Contact | M\u0142yn Nied\u017awiady<\/title>\n<meta name=\"robots\" content=\"index, follow, max-snippet:-1, max-image-preview:large, max-video-preview:-1\" \/>\n<link rel=\"canonical\" href=\"https:\/\/mlynniedzwiady.com\/en\/contact\/\" \/>\n<meta property=\"og:locale\" content=\"en_US\" \/>\n<meta property=\"og:type\" content=\"article\" \/>\n<meta property=\"og:title\" content=\"Contact | M\u0142yn Nied\u017awiady\" \/>\n<meta property=\"og:description\" content=\"Do you have any questions? Contact data M\u0142yn Nied\u017awiady A. Siewkowski Sp\u00f3\u0142ka Komandytowaul. Nied\u017awiady 59A, 62-800 Kalisz, Poland Office: +48 62 764 29 21biuro@mlynniedzwiady.com Facebook-f Instagram Google\" \/>\n<meta property=\"og:url\" content=\"https:\/\/mlynniedzwiady.com\/en\/contact\/\" \/>\n<meta property=\"og:site_name\" content=\"M\u0142yn Nied\u017awiady\" \/>\n<meta property=\"article:modified_time\" content=\"2023-12-18T11:02:29+00:00\" \/>\n<meta name=\"twitter:card\" content=\"summary_large_image\" \/>\n<script type=\"application\/ld+json\" class=\"yoast-schema-graph\">{\"@context\":\"https:\\\/\\\/schema.org\",\"@graph\":[{\"@type\":\"WebPage\",\"@id\":\"https:\\\/\\\/mlynniedzwiady.com\\\/en\\\/contact\\\/\",\"url\":\"https:\\\/\\\/mlynniedzwiady.com\\\/en\\\/contact\\\/\",\"name\":\"Contact | M\u0142yn Nied\u017awiady\",\"isPartOf\":{\"@id\":\"https:\\\/\\\/mlynniedzwiady.com\\\/en\\\/#website\"},\"datePublished\":\"2023-10-10T15:24:17+00:00\",\"dateModified\":\"2023-12-18T11:02:29+00:00\",\"breadcrumb\":{\"@id\":\"https:\\\/\\\/mlynniedzwiady.com\\\/en\\\/contact\\\/#breadcrumb\"},\"inLanguage\":\"en-US\",\"potentialAction\":[{\"@type\":\"ReadAction\",\"target\":[\"https:\\\/\\\/mlynniedzwiady.com\\\/en\\\/contact\\\/\"]}]},{\"@type\":\"BreadcrumbList\",\"@id\":\"https:\\\/\\\/mlynniedzwiady.com\\\/en\\\/contact\\\/#breadcrumb\",\"itemListElement\":[{\"@type\":\"ListItem\",\"position\":1,\"name\":\"Strona g\u0142\u00f3wna\",\"item\":\"https:\\\/\\\/mlynniedzwiady.com\\\/en\\\/\"},{\"@type\":\"ListItem\",\"position\":2,\"name\":\"Contact\"}]},{\"@type\":\"WebSite\",\"@id\":\"https:\\\/\\\/mlynniedzwiady.com\\\/en\\\/#website\",\"url\":\"https:\\\/\\\/mlynniedzwiady.com\\\/en\\\/\",\"name\":\"M\u0142yn Nied\u017awiady\",\"description\":\"Producer of organic flour, certified gluten-free and grain products\",\"publisher\":{\"@id\":\"https:\\\/\\\/mlynniedzwiady.com\\\/en\\\/#organization\"},\"potentialAction\":[{\"@type\":\"SearchAction\",\"target\":{\"@type\":\"EntryPoint\",\"urlTemplate\":\"https:\\\/\\\/mlynniedzwiady.com\\\/en\\\/?s={search_term_string}\"},\"query-input\":{\"@type\":\"PropertyValueSpecification\",\"valueRequired\":true,\"valueName\":\"search_term_string\"}}],\"inLanguage\":\"en-US\"},{\"@type\":\"Organization\",\"@id\":\"https:\\\/\\\/mlynniedzwiady.com\\\/en\\\/#organization\",\"name\":\"M\u0142yn Nied\u017awiady\",\"url\":\"https:\\\/\\\/mlynniedzwiady.com\\\/en\\\/\",\"logo\":{\"@type\":\"ImageObject\",\"inLanguage\":\"en-US\",\"@id\":\"https:\\\/\\\/mlynniedzwiady.com\\\/en\\\/#\\\/schema\\\/logo\\\/image\\\/\",\"url\":\"https:\\\/\\\/mlynniedzwiady.com\\\/wp-content\\\/uploads\\\/2023\\\/11\\\/logo_color_01b.svg\",\"contentUrl\":\"https:\\\/\\\/mlynniedzwiady.com\\\/wp-content\\\/uploads\\\/2023\\\/11\\\/logo_color_01b.svg\",\"width\":99,\"height\":28,\"caption\":\"M\u0142yn Nied\u017awiady\"},\"image\":{\"@id\":\"https:\\\/\\\/mlynniedzwiady.com\\\/en\\\/#\\\/schema\\\/logo\\\/image\\\/\"}}]}<\/script>\n<!-- \/ Yoast SEO plugin. -->","yoast_head_json":{"title":"Contact | M\u0142yn Nied\u017awiady","robots":{"index":"index","follow":"follow","max-snippet":"max-snippet:-1","max-image-preview":"max-image-preview:large","max-video-preview":"max-video-preview:-1"},"canonical":"https:\/\/mlynniedzwiady.com\/en\/contact\/","og_locale":"en_US","og_type":"article","og_title":"Contact | M\u0142yn Nied\u017awiady","og_description":"Do you have any questions? Contact data M\u0142yn Nied\u017awiady A. Siewkowski Sp\u00f3\u0142ka Komandytowaul. Nied\u017awiady 59A, 62-800 Kalisz, Poland Office: +48 62 764 29 21biuro@mlynniedzwiady.com Facebook-f Instagram Google","og_url":"https:\/\/mlynniedzwiady.com\/en\/contact\/","og_site_name":"M\u0142yn Nied\u017awiady","article_modified_time":"2023-12-18T11:02:29+00:00","twitter_card":"summary_large_image","schema":{"@context":"https:\/\/schema.org","@graph":[{"@type":"WebPage","@id":"https:\/\/mlynniedzwiady.com\/en\/contact\/","url":"https:\/\/mlynniedzwiady.com\/en\/contact\/","name":"Contact | M\u0142yn Nied\u017awiady","isPartOf":{"@id":"https:\/\/mlynniedzwiady.com\/en\/#website"},"datePublished":"2023-10-10T15:24:17+00:00","dateModified":"2023-12-18T11:02:29+00:00","breadcrumb":{"@id":"https:\/\/mlynniedzwiady.com\/en\/contact\/#breadcrumb"},"inLanguage":"en-US","potentialAction":[{"@type":"ReadAction","target":["https:\/\/mlynniedzwiady.com\/en\/contact\/"]}]},{"@type":"BreadcrumbList","@id":"https:\/\/mlynniedzwiady.com\/en\/contact\/#breadcrumb","itemListElement":[{"@type":"ListItem","position":1,"name":"Strona g\u0142\u00f3wna","item":"https:\/\/mlynniedzwiady.com\/en\/"},{"@type":"ListItem","position":2,"name":"Contact"}]},{"@type":"WebSite","@id":"https:\/\/mlynniedzwiady.com\/en\/#website","url":"https:\/\/mlynniedzwiady.com\/en\/","name":"M\u0142yn Nied\u017awiady","description":"Producer of organic flour, certified gluten-free and grain products","publisher":{"@id":"https:\/\/mlynniedzwiady.com\/en\/#organization"},"potentialAction":[{"@type":"SearchAction","target":{"@type":"EntryPoint","urlTemplate":"https:\/\/mlynniedzwiady.com\/en\/?s={search_term_string}"},"query-input":{"@type":"PropertyValueSpecification","valueRequired":true,"valueName":"search_term_string"}}],"inLanguage":"en-US"},{"@type":"Organization","@id":"https:\/\/mlynniedzwiady.com\/en\/#organization","name":"M\u0142yn Nied\u017awiady","url":"https:\/\/mlynniedzwiady.com\/en\/","logo":{"@type":"ImageObject","inLanguage":"en-US","@id":"https:\/\/mlynniedzwiady.com\/en\/#\/schema\/logo\/image\/","url":"https:\/\/mlynniedzwiady.com\/wp-content\/uploads\/2023\/11\/logo_color_01b.svg","contentUrl":"https:\/\/mlynniedzwiady.com\/wp-content\/uploads\/2023\/11\/logo_color_01b.svg","width":99,"height":28,"caption":"M\u0142yn Nied\u017awiady"},"image":{"@id":"https:\/\/mlynniedzwiady.com\/en\/#\/schema\/logo\/image\/"}}]}},"_links":{"self":[{"href":"https:\/\/mlynniedzwiady.com\/en\/wp-json\/wp\/v2\/pages\/1325","targetHints":{"allow":["GET"]}}],"collection":[{"href":"https:\/\/mlynniedzwiady.com\/en\/wp-json\/wp\/v2\/pages"}],"about":[{"href":"https:\/\/mlynniedzwiady.com\/en\/wp-json\/wp\/v2\/types\/page"}],"author":[{"embeddable":true,"href":"https:\/\/mlynniedzwiady.com\/en\/wp-json\/wp\/v2\/users\/1"}],"replies":[{"embeddable":true,"href":"https:\/\/mlynniedzwiady.com\/en\/wp-json\/wp\/v2\/comments?post=1325"}],"version-history":[{"count":6,"href":"https:\/\/mlynniedzwiady.com\/en\/wp-json\/wp\/v2\/pages\/1325\/revisions"}],"predecessor-version":[{"id":1335,"href":"https:\/\/mlynniedzwiady.com\/en\/wp-json\/wp\/v2\/pages\/1325\/revisions\/1335"}],"wp:attachment":[{"href":"https:\/\/mlynniedzwiady.com\/en\/wp-json\/wp\/v2\/media?parent=1325"}],"curies":[{"name":"wp","href":"https:\/\/api.w.org\/{rel}","templated":true}]}}